{"id":413,"date":"2025-12-05T23:59:41","date_gmt":"2025-12-05T23:59:41","guid":{"rendered":"https:\/\/smart-tec.fr\/?page_id=413"},"modified":"2026-04-24T08:46:50","modified_gmt":"2026-04-24T08:46:50","slug":"privacy-policy","status":"publish","type":"page","link":"https:\/\/smart-tec.fr\/fr\/privacy-policy\/","title":{"rendered":"politique de confidentialit\u00e9"},"content":{"rendered":"<p><strong>Avis<br><\/strong>La politique de confidentialit\u00e9 est fournie dans&nbsp;<strong>Anglais et Fran\u00e7ais<\/strong>&nbsp;pour votre commodit\u00e9.<br>Vous pouvez&nbsp;<strong>Lisez les documents directement sur cette page ou t\u00e9l\u00e9chargez la version correspondant \u00e0 votre langue pr\u00e9f\u00e9r\u00e9e.<\/strong>.<\/p>\n\n\n\n<div data-wp-interactive=\"core\/file\" class=\"wp-block-file\"><object data-wp-bind--hidden=\"!state.hasPdfPreview\" hidden class=\"wp-block-file__embed\" data=\"https:\/\/smart-tec.fr\/wp-content\/uploads\/2026\/04\/smart_tec_politique_confidentialite.pdf\" type=\"application\/pdf\" style=\"width:100%;height:600px\" aria-label=\"Contenu embarqu\u00e9 smart_tec_politique_confidentialite.\"><\/object><a id=\"wp-block-file--media-32b3e81a-e8ab-43f6-b1c3-14fecd0796b0\" href=\"https:\/\/smart-tec.fr\/wp-content\/uploads\/2026\/04\/smart_tec_politique_confidentialite.pdf\">smart_tec_politique_confidentialite<\/a><a href=\"https:\/\/smart-tec.fr\/wp-content\/uploads\/2026\/04\/smart_tec_politique_confidentialite.pdf\" class=\"wp-block-file__button wp-element-button\" download aria-describedby=\"wp-block-file--media-32b3e81a-e8ab-43f6-b1c3-14fecd0796b0\">T\u00e9l\u00e9charger<\/a><\/div>\n\n\n\n<div data-wp-interactive=\"core\/file\" class=\"wp-block-file\"><object data-wp-bind--hidden=\"!state.hasPdfPreview\" hidden class=\"wp-block-file__embed\" data=\"https:\/\/smart-tec.fr\/wp-content\/uploads\/2026\/04\/privacy_policy_en.pdf\" type=\"application\/pdf\" style=\"width:100%;height:600px\" aria-label=\"Contenu embarqu\u00e9 Privacy_policy_fr.\"><\/object><a id=\"wp-block-file--media-8f447823-3750-48e9-bf85-3091316eecc7\" href=\"https:\/\/smart-tec.fr\/wp-content\/uploads\/2026\/04\/privacy_policy_en.pdf\">politique de confidentialit\u00e9 en<\/a><a href=\"https:\/\/smart-tec.fr\/wp-content\/uploads\/2026\/04\/privacy_policy_en.pdf\" class=\"wp-block-file__button wp-element-button\" download aria-describedby=\"wp-block-file--media-8f447823-3750-48e9-bf85-3091316eecc7\">T\u00e9l\u00e9charger<\/a><\/div>","protected":false},"excerpt":{"rendered":"<p>NoticeThe Privacy Policy is provided in&nbsp;English and French&nbsp;for your convenience.You may&nbsp;read the documents directly on this page or download the [&hellip;]<\/p>\n","protected":false},"author":1,"featured_media":0,"parent":0,"menu_order":0,"comment_status":"closed","ping_status":"closed","template":"","meta":{"site-sidebar-layout":"default","site-content-layout":"","ast-site-content-layout":"default","site-content-style":"default","site-sidebar-style":"default","ast-global-header-display":"","ast-banner-title-visibility":"","ast-main-header-display":"","ast-hfb-above-header-display":"","ast-hfb-below-header-display":"","ast-hfb-mobile-header-display":"","site-post-title":"","ast-breadcrumbs-content":"","ast-featured-img":"","footer-sml-layout":"","ast-disable-related-posts":"","theme-transparent-header-meta":"","adv-header-id-meta":"","stick-header-meta":"","header-above-stick-meta":"","header-main-stick-meta":"","header-below-stick-meta":"","astra-migrate-meta-layouts":"default","ast-page-background-enabled":"default","ast-page-background-meta":{"desktop":{"background-color":"var(--ast-global-color-5)","background-image":"","background-repeat":"repeat","background-position":"center center","background-size":"auto","background-attachment":"scroll","background-type":"","background-media":"","overlay-type":"","overlay-color":"","overlay-opacity":"","overlay-gradient":""},"tablet":{"background-color":"","background-image":"","background-repeat":"repeat","background-position":"center center","background-size":"auto","background-attachment":"scroll","background-type":"","background-media":"","overlay-type":"","overlay-color":"","overlay-opacity":"","overlay-gradient":""},"mobile":{"background-color":"","background-image":"","background-repeat":"repeat","background-position":"center center","background-size":"auto","background-attachment":"scroll","background-type":"","background-media":"","overlay-type":"","overlay-color":"","overlay-opacity":"","overlay-gradient":""}},"ast-content-background-meta":{"desktop":{"background-color":"var(--ast-global-color-4)","background-image":"","background-repeat":"repeat","background-position":"center center","background-size":"auto","background-attachment":"scroll","background-type":"","background-media":"","overlay-type":"","overlay-color":"","overlay-opacity":"","overlay-gradient":""},"tablet":{"background-color":"var(--ast-global-color-4)","background-image":"","background-repeat":"repeat","background-position":"center center","background-size":"auto","background-attachment":"scroll","background-type":"","background-media":"","overlay-type":"","overlay-color":"","overlay-opacity":"","overlay-gradient":""},"mobile":{"background-color":"var(--ast-global-color-4)","background-image":"","background-repeat":"repeat","background-position":"center center","background-size":"auto","background-attachment":"scroll","background-type":"","background-media":"","overlay-type":"","overlay-color":"","overlay-opacity":"","overlay-gradient":""}},"footnotes":""},"class_list":["post-413","page","type-page","status-publish","hentry"],"_hostinger_reach_plugin_has_subscription_block":false,"_hostinger_reach_plugin_is_elementor":false,"_links":{"self":[{"href":"https:\/\/smart-tec.fr\/fr\/wp-json\/wp\/v2\/pages\/413","targetHints":{"allow":["GET"]}}],"collection":[{"href":"https:\/\/smart-tec.fr\/fr\/wp-json\/wp\/v2\/pages"}],"about":[{"href":"https:\/\/smart-tec.fr\/fr\/wp-json\/wp\/v2\/types\/page"}],"author":[{"embeddable":true,"href":"https:\/\/smart-tec.fr\/fr\/wp-json\/wp\/v2\/users\/1"}],"replies":[{"embeddable":true,"href":"https:\/\/smart-tec.fr\/fr\/wp-json\/wp\/v2\/comments?post=413"}],"version-history":[{"count":7,"href":"https:\/\/smart-tec.fr\/fr\/wp-json\/wp\/v2\/pages\/413\/revisions"}],"predecessor-version":[{"id":1963,"href":"https:\/\/smart-tec.fr\/fr\/wp-json\/wp\/v2\/pages\/413\/revisions\/1963"}],"wp:attachment":[{"href":"https:\/\/smart-tec.fr\/fr\/wp-json\/wp\/v2\/media?parent=413"}],"curies":[{"name":"wp","href":"https:\/\/api.w.org\/{rel}","templated":true}]}}