{"id":8991,"date":"2026-04-25T09:00:35","date_gmt":"2026-04-25T09:00:35","guid":{"rendered":"https:\/\/smart-tec.fr\/?page_id=8991"},"modified":"2026-04-26T10:45:11","modified_gmt":"2026-04-26T10:45:11","slug":"about-us","status":"publish","type":"page","link":"https:\/\/smart-tec.fr\/fr\/about-us\/","title":{"rendered":"\u00c0 propos"},"content":{"rendered":"<h2 class=\"wp-block-heading alignwide has-text-align-center\" id=\"we-re-a-studio-in-berlin-with-an-international-practice-in-architecture-urban-planning-and-interior-design-we-believe-in-sharing-knowledge-and-promoting-dialogue-to-increase-the-creative-potential-of-collaboration\" style=\"font-size:48px;line-height:1.1\">BIENVENUE CHEZ SMART TEC <\/h2>\n\n\n\n<div class=\"wp-block-columns is-layout-flex wp-container-core-columns-is-layout-d4010286 wp-block-columns-is-layout-flex\" style=\"padding-top:var(--wp--preset--spacing--40);padding-right:0;padding-bottom:var(--wp--preset--spacing--40);padding-left:0\">\n<div class=\"wp-block-column is-layout-flow wp-block-column-is-layout-flow\">\n<figure class=\"wp-block-image size-large\" style=\"margin-top:var(--wp--preset--spacing--20);margin-bottom:var(--wp--preset--spacing--20)\"><img loading=\"lazy\" decoding=\"async\" width=\"1024\" height=\"683\" src=\"https:\/\/smart-tec.fr\/wp-content\/uploads\/2026\/04\/iot-why-thales-1536x1025-2-1024x683.jpg\" alt=\"\" class=\"wp-image-8996\" srcset=\"https:\/\/smart-tec.fr\/wp-content\/uploads\/2026\/04\/iot-why-thales-1536x1025-2-1024x683.jpg 1024w, https:\/\/smart-tec.fr\/wp-content\/uploads\/2026\/04\/iot-why-thales-1536x1025-2-300x200.jpg 300w, https:\/\/smart-tec.fr\/wp-content\/uploads\/2026\/04\/iot-why-thales-1536x1025-2-768x513.jpg 768w, https:\/\/smart-tec.fr\/wp-content\/uploads\/2026\/04\/iot-why-thales-1536x1025-2-18x12.jpg 18w, https:\/\/smart-tec.fr\/wp-content\/uploads\/2026\/04\/iot-why-thales-1536x1025-2-600x400.jpg 600w, https:\/\/smart-tec.fr\/wp-content\/uploads\/2026\/04\/iot-why-thales-1536x1025-2.jpg 1536w\" sizes=\"auto, (max-width: 1024px) 100vw, 1024px\" \/><\/figure>\n<\/div>\n\n\n\n<div class=\"wp-block-column has-medium-font-size is-layout-flow wp-block-column-is-layout-flow\">\n<p>Smart Tec a \u00e9t\u00e9 fond\u00e9e en janvier 2021.<br>Notre mission est de fournir au monde les produits et services dont il a besoin.<br>Nous proposons des produits et services dans les domaines suivants\u00a0:<\/p>\n\n\n\n<ol class=\"wp-block-list\">\n<li>Automatisation et contr\u00f4le.<\/li>\n\n\n\n<li>Syst\u00e8mes de gestion de l&#039;\u00e9nergie.<\/li>\n\n\n\n<li>Syst\u00e8mes de s\u00e9curit\u00e9.<\/li>\n\n\n\n<li>\u00c9lectricit\u00e9 et \u00e9lectronique.<\/li>\n\n\n\n<li>Mat\u00e9riel didactique li\u00e9 \u00e0 l&#039;\u00e9lectricit\u00e9, l&#039;\u00e9lectronique, les ascenseurs, la m\u00e9catronique et l&#039;automobile.<\/li>\n\n\n\n<li>Dessins techniques.<\/li>\n<\/ol>\n<\/div>\n<\/div>\n\n\n\n<div class=\"wp-block-cover alignfull has-parallax\" style=\"min-height:51px;aspect-ratio:unset;\"><div class=\"wp-block-cover__image-background wp-image-8999 size-large has-parallax\" style=\"background-position:50% 50%;background-image:url(https:\/\/smart-tec.fr\/wp-content\/uploads\/2026\/04\/rm314-adj-03-1024x683.jpg)\"><\/div><span aria-hidden=\"true\" class=\"wp-block-cover__background has-background-dim-0 has-background-dim\" style=\"background-color:#022a44\"><\/span><div class=\"wp-block-cover__inner-container is-layout-constrained wp-block-cover-is-layout-constrained\">\n<div class=\"wp-block-columns is-layout-flex wp-container-core-columns-is-layout-28f84493 wp-block-columns-is-layout-flex\">\n<div class=\"wp-block-column is-layout-flow wp-block-column-is-layout-flow\"><\/div>\n\n\n\n<div class=\"wp-block-column is-layout-flow wp-block-column-is-layout-flow\">\n<h1 class=\"wp-block-heading has-ast-global-color-4-color has-text-color has-link-color wp-elements-bf2c97ec59fc02dd75ce3431db238000\"><span style=\"text-decoration: underline;\">P<\/span>r\u00e9sident<\/h1>\n\n\n\n<p class=\"has-ast-global-color-4-color has-text-color has-link-color wp-elements-461cb80a52c70da475366af8dca7995a\">Tanios Rizkallah, fondateur et associ\u00e9 principal du groupe TSR au Liban, est ing\u00e9nieur en g\u00e9nie \u00e9lectrique et \u00e9lectronique et poss\u00e8de plus de 25 ans d&#039;exp\u00e9rience. Fort de cette solide exp\u00e9rience, il a fond\u00e9 Smart Tec en janvier 2021, anim\u00e9 par une culture centr\u00e9e sur le client et un engagement \u00e0 fournir des solutions sur mesure de haute qualit\u00e9. Gr\u00e2ce \u00e0 son leadership, il continue de mettre son expertise technique et administrative au service de ses clients.<\/p>\n\n\n\n<p class=\"has-ast-global-color-4-color has-text-color has-link-color wp-elements-d94d8348e349bcfa863b3f30bfa14256\">Il apporte une expertise technique dans de multiples domaines, notamment le g\u00e9nie \u00e9lectrique, les ascenseurs, l&#039;industrie p\u00e9troli\u00e8re et gazi\u00e8re, les syst\u00e8mes d&#039;automatisation et de contr\u00f4le, et le dessin de conception technique.<\/p>\n<\/div>\n<\/div>\n<\/div><\/div>\n\n\n\n<p><\/p>","protected":false},"excerpt":{"rendered":"<p>WELCOME TO SMART TEC Smart Tec was founded in January 2021.Our mission is to empower the world with the required [&hellip;]<\/p>\n","protected":false},"author":1,"featured_media":0,"parent":0,"menu_order":0,"comment_status":"closed","ping_status":"closed","template":"","meta":{"site-sidebar-layout":"default","site-content-layout":"","ast-site-content-layout":"default","site-content-style":"default","site-sidebar-style":"default","ast-global-header-display":"","ast-banner-title-visibility":"","ast-main-header-display":"","ast-hfb-above-header-display":"","ast-hfb-below-header-display":"","ast-hfb-mobile-header-display":"","site-post-title":"","ast-breadcrumbs-content":"","ast-featured-img":"","footer-sml-layout":"","ast-disable-related-posts":"","theme-transparent-header-meta":"","adv-header-id-meta":"","stick-header-meta":"","header-above-stick-meta":"","header-main-stick-meta":"","header-below-stick-meta":"","astra-migrate-meta-layouts":"default","ast-page-background-enabled":"default","ast-page-background-meta":{"desktop":{"background-color":"var(--ast-global-color-5)","background-image":"","background-repeat":"repeat","background-position":"center center","background-size":"auto","background-attachment":"scroll","background-type":"","background-media":"","overlay-type":"","overlay-color":"","overlay-opacity":"","overlay-gradient":""},"tablet":{"background-color":"","background-image":"","background-repeat":"repeat","background-position":"center center","background-size":"auto","background-attachment":"scroll","background-type":"","background-media":"","overlay-type":"","overlay-color":"","overlay-opacity":"","overlay-gradient":""},"mobile":{"background-color":"","background-image":"","background-repeat":"repeat","background-position":"center center","background-size":"auto","background-attachment":"scroll","background-type":"","background-media":"","overlay-type":"","overlay-color":"","overlay-opacity":"","overlay-gradient":""}},"ast-content-background-meta":{"desktop":{"background-color":"var(--ast-global-color-4)","background-image":"","background-repeat":"repeat","background-position":"center center","background-size":"auto","background-attachment":"scroll","background-type":"","background-media":"","overlay-type":"","overlay-color":"","overlay-opacity":"","overlay-gradient":""},"tablet":{"background-color":"var(--ast-global-color-4)","background-image":"","background-repeat":"repeat","background-position":"center center","background-size":"auto","background-attachment":"scroll","background-type":"","background-media":"","overlay-type":"","overlay-color":"","overlay-opacity":"","overlay-gradient":""},"mobile":{"background-color":"var(--ast-global-color-4)","background-image":"","background-repeat":"repeat","background-position":"center center","background-size":"auto","background-attachment":"scroll","background-type":"","background-media":"","overlay-type":"","overlay-color":"","overlay-opacity":"","overlay-gradient":""}},"footnotes":""},"class_list":["post-8991","page","type-page","status-publish","hentry"],"_hostinger_reach_plugin_has_subscription_block":false,"_hostinger_reach_plugin_is_elementor":false,"_links":{"self":[{"href":"https:\/\/smart-tec.fr\/fr\/wp-json\/wp\/v2\/pages\/8991","targetHints":{"allow":["GET"]}}],"collection":[{"href":"https:\/\/smart-tec.fr\/fr\/wp-json\/wp\/v2\/pages"}],"about":[{"href":"https:\/\/smart-tec.fr\/fr\/wp-json\/wp\/v2\/types\/page"}],"author":[{"embeddable":true,"href":"https:\/\/smart-tec.fr\/fr\/wp-json\/wp\/v2\/users\/1"}],"replies":[{"embeddable":true,"href":"https:\/\/smart-tec.fr\/fr\/wp-json\/wp\/v2\/comments?post=8991"}],"version-history":[{"count":12,"href":"https:\/\/smart-tec.fr\/fr\/wp-json\/wp\/v2\/pages\/8991\/revisions"}],"predecessor-version":[{"id":9023,"href":"https:\/\/smart-tec.fr\/fr\/wp-json\/wp\/v2\/pages\/8991\/revisions\/9023"}],"wp:attachment":[{"href":"https:\/\/smart-tec.fr\/fr\/wp-json\/wp\/v2\/media?parent=8991"}],"curies":[{"name":"wp","href":"https:\/\/api.w.org\/{rel}","templated":true}]}}