{"id":1787,"date":"2026-04-07T11:40:26","date_gmt":"2026-04-07T11:40:26","guid":{"rendered":"https:\/\/smart-tec.fr\/?post_type=product&#038;p=1787"},"modified":"2026-04-28T07:05:43","modified_gmt":"2026-04-28T07:05:43","slug":"temperature-and-humidity-sensor-10%c3%b760c-interface-zigbee","status":"publish","type":"product","link":"https:\/\/smart-tec.fr\/fr\/produit\/temperature-and-humidity-sensor-10%c3%b760c-interface-zigbee\/","title":{"rendered":"Capteur de temp\u00e9rature et d&#039;humidit\u00e9\u00a0; -10 \u00e0 60\u00a0\u00b0C\u00a0; Interface\u00a0: ZigBee"},"content":{"rendered":"<p>Capteur de temp\u00e9rature et d&#039;humidit\u00e9\u00a0; -10 \u00e0 60\u00a0\u00b0C\u00a0; Interface\u00a0: ZigBee<\/p>\n<table class=\"tme-specs\" style=\"border-collapse:collapse;width:100%;font-size:14px\">\n<tbody>\n<tr>\n<th style=\"text-align:left;padding:6px 10px;border:1px solid #ddd;background:#f9f9f9\">Num\u00e9ro de pi\u00e8ce<\/th>\n<td style=\"padding:6px 10px;border:1px solid #ddd\">SNZB-02P<\/td>\n<\/tr>\n<tr>\n<th style=\"text-align:left;padding:6px 10px;border:1px solid #ddd;background:#f9f9f9\">Fabricant<\/th>\n<td style=\"padding:6px 10px;border:1px solid #ddd\">SONOFF<\/td>\n<\/tr>\n<tr>\n<th style=\"text-align:left;padding:6px 10px;border:1px solid #ddd;background:#f9f9f9\">Cat\u00e9gorie<\/th>\n<td style=\"padding:6px 10px;border:1px solid #ddd\">Automatisation des b\u00e2timents<\/td>\n<\/tr>\n<tr>\n<th style=\"text-align:left;padding:6px 10px;border:1px solid #ddd;background:#f9f9f9\">Poids<\/th>\n<td style=\"padding:6px 10px;border:1px solid #ddd\">44.89 g<\/td>\n<\/tr>\n<tr>\n<th style=\"text-align:left;padding:6px 10px;border:1px solid #ddd;background:#f9f9f9\">Fabricant<\/th>\n<td style=\"padding:6px 10px;border:1px solid #ddd\">SONOFF<\/td>\n<\/tr>\n<tr>\n<th style=\"text-align:left;padding:6px 10px;border:1px solid #ddd;background:#f9f9f9\">Type de module d&#039;automatisation<\/th>\n<td style=\"padding:6px 10px;border:1px solid #ddd\">capteur de temp\u00e9rature et d&#039;humidit\u00e9<\/td>\n<\/tr>\n<tr>\n<th style=\"text-align:left;padding:6px 10px;border:1px solid #ddd;background:#f9f9f9\">Temp\u00e9rature de fonctionnement<\/th>\n<td style=\"padding:6px 10px;border:1px solid #ddd\">-10&#8230;60\u00b0C<\/td>\n<\/tr>\n<tr>\n<th style=\"text-align:left;padding:6px 10px;border:1px solid #ddd;background:#f9f9f9\">Interface<\/th>\n<td style=\"padding:6px 10px;border:1px solid #ddd\">ZigBee<\/td>\n<\/tr>\n<tr>\n<th style=\"text-align:left;padding:6px 10px;border:1px solid #ddd;background:#f9f9f9\">Alimentation \u00e9lectrique<\/th>\n<td style=\"padding:6px 10px;border:1px solid #ddd\">battery CR2477 3V x1<\/td>\n<\/tr>\n<tr>\n<th style=\"text-align:left;padding:6px 10px;border:1px solid #ddd;background:#f9f9f9\">Type de module<\/th>\n<td style=\"padding:6px 10px;border:1px solid #ddd\">sans fil<\/td>\n<\/tr>\n<tr>\n<th style=\"text-align:left;padding:6px 10px;border:1px solid #ddd;background:#f9f9f9\">Fonctions suppl\u00e9mentaires<\/th>\n<td style=\"padding:6px 10px;border:1px solid #ddd\">contr\u00f4le par t\u00e9l\u00e9phone portable<\/td>\n<\/tr>\n<tr>\n<th style=\"text-align:left;padding:6px 10px;border:1px solid #ddd;background:#f9f9f9\">Fonctions suppl\u00e9mentaires<\/th>\n<td style=\"padding:6px 10px;border:1px solid #ddd\">programmation directe depuis les appareils Android OS<\/td>\n<\/tr>\n<tr>\n<th style=\"text-align:left;padding:6px 10px;border:1px solid #ddd;background:#f9f9f9\">Fonctions suppl\u00e9mentaires<\/th>\n<td style=\"padding:6px 10px;border:1px solid #ddd\">programmation directe depuis les appareils iOS<\/td>\n<\/tr>\n<tr>\n<th style=\"text-align:left;padding:6px 10px;border:1px solid #ddd;background:#f9f9f9\">Batterie\/batterie rechargeable<\/th>\n<td style=\"padding:6px 10px;border:1px solid #ddd\">battery CR2477 3V x1<\/td>\n<\/tr>\n<\/tbody>\n<\/table>","protected":false},"excerpt":{"rendered":"<p>Temperature and humidity sensor; -10\u00f760\u00b0C; Interface: ZigBee by SONOFF<\/p>","protected":false},"featured_media":1788,"comment_status":"open","ping_status":"closed","template":"","meta":{"site-sidebar-layout":"default","site-content-layout":"","ast-site-content-layout":"default","site-content-style":"default","site-sidebar-style":"default","ast-global-header-display":"","ast-banner-title-visibility":"","ast-main-header-display":"","ast-hfb-above-header-display":"","ast-hfb-below-header-display":"","ast-hfb-mobile-header-display":"","site-post-title":"","ast-breadcrumbs-content":"","ast-featured-img":"","footer-sml-layout":"","ast-disable-related-posts":"","theme-transparent-header-meta":"","adv-header-id-meta":"","stick-header-meta":"","header-above-stick-meta":"","header-main-stick-meta":"","header-below-stick-meta":"","astra-migrate-meta-layouts":"default","ast-page-background-enabled":"default","ast-page-background-meta":{"desktop":{"background-color":"var(--ast-global-color-5)","background-image":"","background-repeat":"repeat","background-position":"center center","background-size":"auto","background-attachment":"scroll","background-type":"","background-media":"","overlay-type":"","overlay-color":"","overlay-opacity":"","overlay-gradient":""},"tablet":{"background-color":"","background-image":"","background-repeat":"repeat","background-position":"center center","background-size":"auto","background-attachment":"scroll","background-type":"","background-media":"","overlay-type":"","overlay-color":"","overlay-opacity":"","overlay-gradient":""},"mobile":{"background-color":"","background-image":"","background-repeat":"repeat","background-position":"center center","background-size":"auto","background-attachment":"scroll","background-type":"","background-media":"","overlay-type":"","overlay-color":"","overlay-opacity":"","overlay-gradient":""}},"ast-content-background-meta":{"desktop":{"background-color":"var(--ast-global-color-4)","background-image":"","background-repeat":"repeat","background-position":"center center","background-size":"auto","background-attachment":"scroll","background-type":"","background-media":"","overlay-type":"","overlay-color":"","overlay-opacity":"","overlay-gradient":""},"tablet":{"background-color":"var(--ast-global-color-4)","background-image":"","background-repeat":"repeat","background-position":"center center","background-size":"auto","background-attachment":"scroll","background-type":"","background-media":"","overlay-type":"","overlay-color":"","overlay-opacity":"","overlay-gradient":""},"mobile":{"background-color":"var(--ast-global-color-4)","background-image":"","background-repeat":"repeat","background-position":"center center","background-size":"auto","background-attachment":"scroll","background-type":"","background-media":"","overlay-type":"","overlay-color":"","overlay-opacity":"","overlay-gradient":""}}},"product_brand":[147],"product_cat":[100],"product_tag":[],"class_list":{"0":"post-1787","1":"product","2":"type-product","3":"status-publish","4":"has-post-thumbnail","6":"product_brand-sonoff","7":"product_cat-smart-home-fr","8":"desktop-align-left","9":"tablet-align-left","10":"mobile-align-left","12":"first","13":"instock","14":"taxable","15":"shipping-taxable","16":"purchasable","17":"product-type-simple"},"_links":{"self":[{"href":"https:\/\/smart-tec.fr\/fr\/wp-json\/wp\/v2\/product\/1787","targetHints":{"allow":["GET"]}}],"collection":[{"href":"https:\/\/smart-tec.fr\/fr\/wp-json\/wp\/v2\/product"}],"about":[{"href":"https:\/\/smart-tec.fr\/fr\/wp-json\/wp\/v2\/types\/product"}],"replies":[{"embeddable":true,"href":"https:\/\/smart-tec.fr\/fr\/wp-json\/wp\/v2\/comments?post=1787"}],"wp:featuredmedia":[{"embeddable":true,"href":"https:\/\/smart-tec.fr\/fr\/wp-json\/wp\/v2\/media\/1788"}],"wp:attachment":[{"href":"https:\/\/smart-tec.fr\/fr\/wp-json\/wp\/v2\/media?parent=1787"}],"wp:term":[{"taxonomy":"product_brand","embeddable":true,"href":"https:\/\/smart-tec.fr\/fr\/wp-json\/wp\/v2\/product_brand?post=1787"},{"taxonomy":"product_cat","embeddable":true,"href":"https:\/\/smart-tec.fr\/fr\/wp-json\/wp\/v2\/product_cat?post=1787"},{"taxonomy":"product_tag","embeddable":true,"href":"https:\/\/smart-tec.fr\/fr\/wp-json\/wp\/v2\/product_tag?post=1787"}],"curies":[{"name":"wp","href":"https:\/\/api.w.org\/{rel}","templated":true}]}}