{"id":1794,"date":"2026-04-07T11:40:26","date_gmt":"2026-04-07T11:40:26","guid":{"rendered":"https:\/\/smart-tec.fr\/?post_type=product&#038;p=1794"},"modified":"2026-04-28T07:05:54","modified_gmt":"2026-04-28T07:05:54","slug":"two-channel-controller-smart-home-100%c3%b7240vac-10%c3%b740c-out-2","status":"publish","type":"product","link":"https:\/\/smart-tec.fr\/fr\/produit\/two-channel-controller-smart-home-100%c3%b7240vac-10%c3%b740c-out-2\/","title":{"rendered":"Contr\u00f4leur \u00e0 deux canaux\u00a0; Maison connect\u00e9e\u00a0; 100 \u00e0 240\u00a0V CA\u00a0; -10 \u00e0 40\u00a0\u00b0C\u00a0; Sorties\u00a0: 2"},"content":{"rendered":"<p>Contr\u00f4leur \u00e0 deux canaux\u00a0; Maison connect\u00e9e\u00a0; 100 \u00e0 240\u00a0V CA\u00a0; -10 \u00e0 40\u00a0\u00b0C\u00a0; Sorties\u00a0: 2<\/p>\n<table class=\"tme-specs\" style=\"border-collapse:collapse;width:100%;font-size:14px\">\n<tbody>\n<tr>\n<th style=\"text-align:left;padding:6px 10px;border:1px solid #ddd;background:#f9f9f9\">Num\u00e9ro de pi\u00e8ce<\/th>\n<td style=\"padding:6px 10px;border:1px solid #ddd\">SONOFF-DUALR3<\/td>\n<\/tr>\n<tr>\n<th style=\"text-align:left;padding:6px 10px;border:1px solid #ddd;background:#f9f9f9\">Fabricant<\/th>\n<td style=\"padding:6px 10px;border:1px solid #ddd\">SONOFF<\/td>\n<\/tr>\n<tr>\n<th style=\"text-align:left;padding:6px 10px;border:1px solid #ddd;background:#f9f9f9\">Cat\u00e9gorie<\/th>\n<td style=\"padding:6px 10px;border:1px solid #ddd\">Automatisation des b\u00e2timents<\/td>\n<\/tr>\n<tr>\n<th style=\"text-align:left;padding:6px 10px;border:1px solid #ddd;background:#f9f9f9\">Poids<\/th>\n<td style=\"padding:6px 10px;border:1px solid #ddd\">69.54 g<\/td>\n<\/tr>\n<tr>\n<th style=\"text-align:left;padding:6px 10px;border:1px solid #ddd;background:#f9f9f9\">Fabricant<\/th>\n<td style=\"padding:6px 10px;border:1px solid #ddd\">SONOFF<\/td>\n<\/tr>\n<tr>\n<th style=\"text-align:left;padding:6px 10px;border:1px solid #ddd;background:#f9f9f9\">Type de module d&#039;automatisation<\/th>\n<td style=\"padding:6px 10px;border:1px solid #ddd\">two-channel controller<\/td>\n<\/tr>\n<tr>\n<th style=\"text-align:left;padding:6px 10px;border:1px solid #ddd;background:#f9f9f9\">Nom commercial<\/th>\n<td style=\"padding:6px 10px;border:1px solid #ddd\">Maison intelligente<\/td>\n<\/tr>\n<tr>\n<th style=\"text-align:left;padding:6px 10px;border:1px solid #ddd;background:#f9f9f9\">Montage<\/th>\n<td style=\"padding:6px 10px;border:1px solid #ddd\">pour montage sur rail DIN (en option)<\/td>\n<\/tr>\n<tr>\n<th style=\"text-align:left;padding:6px 10px;border:1px solid #ddd;background:#f9f9f9\">Montage<\/th>\n<td style=\"padding:6px 10px;border:1px solid #ddd\">pour montage mural<\/td>\n<\/tr>\n<tr>\n<th style=\"text-align:left;padding:6px 10px;border:1px solid #ddd;background:#f9f9f9\">Tension d&#039;alimentation<\/th>\n<td style=\"padding:6px 10px;border:1px solid #ddd\">100\u2026240 V CA<\/td>\n<\/tr>\n<tr>\n<th style=\"text-align:left;padding:6px 10px;border:1px solid #ddd;background:#f9f9f9\">Temp\u00e9rature de fonctionnement<\/th>\n<td style=\"padding:6px 10px;border:1px solid #ddd\">-10\u202640\u00b0C<\/td>\n<\/tr>\n<tr>\n<th style=\"text-align:left;padding:6px 10px;border:1px solid #ddd;background:#f9f9f9\">Dimensions<\/th>\n<td style=\"padding:6px 10px;border:1px solid #ddd\">54x49x24mm<\/td>\n<\/tr>\n<tr>\n<th style=\"text-align:left;padding:6px 10px;border:1px solid #ddd;background:#f9f9f9\">Consommation d&#039;\u00e9nergie<\/th>\n<td style=\"padding:6px 10px;border:1px solid #ddd\">2,2 kW<\/td>\n<\/tr>\n<tr>\n<th style=\"text-align:left;padding:6px 10px;border:1px solid #ddd;background:#f9f9f9\">Nombre de sorties<\/th>\n<td style=\"padding:6px 10px;border:1px solid #ddd\">2<\/td>\n<\/tr>\n<tr>\n<th style=\"text-align:left;padding:6px 10px;border:1px solid #ddd;background:#f9f9f9\">Application<\/th>\n<td style=\"padding:6px 10px;border:1px solid #ddd\">maison intelligente<\/td>\n<\/tr>\n<tr>\n<th style=\"text-align:left;padding:6px 10px;border:1px solid #ddd;background:#f9f9f9\">Connexion<\/th>\n<td style=\"padding:6px 10px;border:1px solid #ddd\">borne \u00e0 vis<\/td>\n<\/tr>\n<tr>\n<th style=\"text-align:left;padding:6px 10px;border:1px solid #ddd;background:#f9f9f9\">Interface<\/th>\n<td style=\"padding:6px 10px;border:1px solid #ddd\">Wi-Fi<\/td>\n<\/tr>\n<tr>\n<th style=\"text-align:left;padding:6px 10px;border:1px solid #ddd;background:#f9f9f9\">Courant de contact max.<\/th>\n<td style=\"padding:6px 10px;border:1px solid #ddd\">15A<\/td>\n<\/tr>\n<tr>\n<th style=\"text-align:left;padding:6px 10px;border:1px solid #ddd;background:#f9f9f9\">Puissance maximale<\/th>\n<td style=\"padding:6px 10px;border:1px solid #ddd\">3.3kW<\/td>\n<\/tr>\n<tr>\n<th style=\"text-align:left;padding:6px 10px;border:1px solid #ddd;background:#f9f9f9\">Type de module<\/th>\n<td style=\"padding:6px 10px;border:1px solid #ddd\">sans fil<\/td>\n<\/tr>\n<tr>\n<th style=\"text-align:left;padding:6px 10px;border:1px solid #ddd;background:#f9f9f9\">Fonctions suppl\u00e9mentaires<\/th>\n<td style=\"padding:6px 10px;border:1px solid #ddd\">Amazon Alexa<\/td>\n<\/tr>\n<tr>\n<th style=\"text-align:left;padding:6px 10px;border:1px solid #ddd;background:#f9f9f9\">Fonctions suppl\u00e9mentaires<\/th>\n<td style=\"padding:6px 10px;border:1px solid #ddd\">contr\u00f4le par t\u00e9l\u00e9phone portable<\/td>\n<\/tr>\n<tr>\n<th style=\"text-align:left;padding:6px 10px;border:1px solid #ddd;background:#f9f9f9\">Fonctions suppl\u00e9mentaires<\/th>\n<td style=\"padding:6px 10px;border:1px solid #ddd\">Assistant Google<\/td>\n<\/tr>\n<tr>\n<th style=\"text-align:left;padding:6px 10px;border:1px solid #ddd;background:#f9f9f9\">Fonctions suppl\u00e9mentaires<\/th>\n<td style=\"padding:6px 10px;border:1px solid #ddd\">programmation directe depuis les appareils Android OS<\/td>\n<\/tr>\n<tr>\n<th style=\"text-align:left;padding:6px 10px;border:1px solid #ddd;background:#f9f9f9\">Fonctions suppl\u00e9mentaires<\/th>\n<td style=\"padding:6px 10px;border:1px solid #ddd\">programmation directe depuis les appareils iOS<\/td>\n<\/tr>\n<\/tbody>\n<\/table>","protected":false},"excerpt":{"rendered":"<p>Two-channel controller; Smart Home; 100\u00f7240VAC; -10\u00f740\u00b0C; OUT: 2 by SONOFF<\/p>","protected":false},"featured_media":1795,"comment_status":"open","ping_status":"closed","template":"","meta":{"site-sidebar-layout":"default","site-content-layout":"","ast-site-content-layout":"default","site-content-style":"default","site-sidebar-style":"default","ast-global-header-display":"","ast-banner-title-visibility":"","ast-main-header-display":"","ast-hfb-above-header-display":"","ast-hfb-below-header-display":"","ast-hfb-mobile-header-display":"","site-post-title":"","ast-breadcrumbs-content":"","ast-featured-img":"","footer-sml-layout":"","ast-disable-related-posts":"","theme-transparent-header-meta":"","adv-header-id-meta":"","stick-header-meta":"","header-above-stick-meta":"","header-main-stick-meta":"","header-below-stick-meta":"","astra-migrate-meta-layouts":"default","ast-page-background-enabled":"default","ast-page-background-meta":{"desktop":{"background-color":"var(--ast-global-color-5)","background-image":"","background-repeat":"repeat","background-position":"center center","background-size":"auto","background-attachment":"scroll","background-type":"","background-media":"","overlay-type":"","overlay-color":"","overlay-opacity":"","overlay-gradient":""},"tablet":{"background-color":"","background-image":"","background-repeat":"repeat","background-position":"center center","background-size":"auto","background-attachment":"scroll","background-type":"","background-media":"","overlay-type":"","overlay-color":"","overlay-opacity":"","overlay-gradient":""},"mobile":{"background-color":"","background-image":"","background-repeat":"repeat","background-position":"center center","background-size":"auto","background-attachment":"scroll","background-type":"","background-media":"","overlay-type":"","overlay-color":"","overlay-opacity":"","overlay-gradient":""}},"ast-content-background-meta":{"desktop":{"background-color":"var(--ast-global-color-4)","background-image":"","background-repeat":"repeat","background-position":"center center","background-size":"auto","background-attachment":"scroll","background-type":"","background-media":"","overlay-type":"","overlay-color":"","overlay-opacity":"","overlay-gradient":""},"tablet":{"background-color":"var(--ast-global-color-4)","background-image":"","background-repeat":"repeat","background-position":"center center","background-size":"auto","background-attachment":"scroll","background-type":"","background-media":"","overlay-type":"","overlay-color":"","overlay-opacity":"","overlay-gradient":""},"mobile":{"background-color":"var(--ast-global-color-4)","background-image":"","background-repeat":"repeat","background-position":"center center","background-size":"auto","background-attachment":"scroll","background-type":"","background-media":"","overlay-type":"","overlay-color":"","overlay-opacity":"","overlay-gradient":""}}},"product_brand":[147],"product_cat":[100],"product_tag":[],"class_list":{"0":"post-1794","1":"product","2":"type-product","3":"status-publish","4":"has-post-thumbnail","6":"product_brand-sonoff","7":"product_cat-smart-home-fr","8":"desktop-align-left","9":"tablet-align-left","10":"mobile-align-left","12":"first","13":"instock","14":"taxable","15":"shipping-taxable","16":"purchasable","17":"product-type-simple"},"_links":{"self":[{"href":"https:\/\/smart-tec.fr\/fr\/wp-json\/wp\/v2\/product\/1794","targetHints":{"allow":["GET"]}}],"collection":[{"href":"https:\/\/smart-tec.fr\/fr\/wp-json\/wp\/v2\/product"}],"about":[{"href":"https:\/\/smart-tec.fr\/fr\/wp-json\/wp\/v2\/types\/product"}],"replies":[{"embeddable":true,"href":"https:\/\/smart-tec.fr\/fr\/wp-json\/wp\/v2\/comments?post=1794"}],"wp:featuredmedia":[{"embeddable":true,"href":"https:\/\/smart-tec.fr\/fr\/wp-json\/wp\/v2\/media\/1795"}],"wp:attachment":[{"href":"https:\/\/smart-tec.fr\/fr\/wp-json\/wp\/v2\/media?parent=1794"}],"wp:term":[{"taxonomy":"product_brand","embeddable":true,"href":"https:\/\/smart-tec.fr\/fr\/wp-json\/wp\/v2\/product_brand?post=1794"},{"taxonomy":"product_cat","embeddable":true,"href":"https:\/\/smart-tec.fr\/fr\/wp-json\/wp\/v2\/product_cat?post=1794"},{"taxonomy":"product_tag","embeddable":true,"href":"https:\/\/smart-tec.fr\/fr\/wp-json\/wp\/v2\/product_tag?post=1794"}],"curies":[{"name":"wp","href":"https:\/\/api.w.org\/{rel}","templated":true}]}}