{"id":1866,"date":"2026-04-07T12:07:27","date_gmt":"2026-04-07T12:07:27","guid":{"rendered":"https:\/\/smart-tec.fr\/?post_type=product&#038;p=1866"},"modified":"2026-04-28T07:05:21","modified_gmt":"2026-04-28T07:05:21","slug":"sensor-movement-220%c3%b7240vac-ip20-0%c3%b750c-interface-bluetooth","status":"publish","type":"product","link":"https:\/\/smart-tec.fr\/fr\/produit\/sensor-movement-220%c3%b7240vac-ip20-0%c3%b750c-interface-bluetooth\/","title":{"rendered":"Capteur\u00a0: mouvement\u00a0; 220-240\u00a0V CA\u00a0; IP20\u00a0; 0-50\u00a0\u00b0C\u00a0; Interface\u00a0: Bluetooth"},"content":{"rendered":"<p>Capteur\u00a0: mouvement\u00a0; 220-240\u00a0V CA\u00a0; IP20\u00a0; 0-50\u00a0\u00b0C\u00a0; Interface\u00a0: Bluetooth<\/p>\n<table class=\"tme-specs\" style=\"border-collapse:collapse;width:100%;font-size:14px;\">\n<tbody>\n<tr>\n<th style=\"text-align:left;padding:6px 10px;border:1px solid #ddd;background:#f9f9f9;\">Num\u00e9ro de pi\u00e8ce<\/th>\n<td style=\"padding:6px 10px;border:1px solid #ddd;\">28002801<\/td>\n<\/tr>\n<tr>\n<th style=\"text-align:left;padding:6px 10px;border:1px solid #ddd;background:#f9f9f9;\">Fabricant<\/th>\n<td style=\"padding:6px 10px;border:1px solid #ddd;\">TRIDONIQUE<\/td>\n<\/tr>\n<tr>\n<th style=\"text-align:left;padding:6px 10px;border:1px solid #ddd;background:#f9f9f9;\">Cat\u00e9gorie<\/th>\n<td style=\"padding:6px 10px;border:1px solid #ddd;\">Automatisation des b\u00e2timents<\/td>\n<\/tr>\n<tr>\n<th style=\"text-align:left;padding:6px 10px;border:1px solid #ddd;background:#f9f9f9;\">Poids<\/th>\n<td style=\"padding:6px 10px;border:1px solid #ddd;\">123,5 g<\/td>\n<\/tr>\n<tr>\n<th style=\"text-align:left;padding:6px 10px;border:1px solid #ddd;background:#f9f9f9;\">Fabricant<\/th>\n<td style=\"padding:6px 10px;border:1px solid #ddd;\">TRIDONIQUE<\/td>\n<\/tr>\n<tr>\n<th style=\"text-align:left;padding:6px 10px;border:1px solid #ddd;background:#f9f9f9;\">Type de capteur<\/th>\n<td style=\"padding:6px 10px;border:1px solid #ddd;\">mouvement<\/td>\n<\/tr>\n<tr>\n<th style=\"text-align:left;padding:6px 10px;border:1px solid #ddd;background:#f9f9f9;\">Tension d&#039;alimentation<\/th>\n<td style=\"padding:6px 10px;border:1px solid #ddd;\">220\u2026240 V CA<\/td>\n<\/tr>\n<tr>\n<th style=\"text-align:left;padding:6px 10px;border:1px solid #ddd;background:#f9f9f9;\">Indice de protection IP<\/th>\n<td style=\"padding:6px 10px;border:1px solid #ddd;\">IP20<\/td>\n<\/tr>\n<tr>\n<th style=\"text-align:left;padding:6px 10px;border:1px solid #ddd;background:#f9f9f9;\">Temp\u00e9rature de fonctionnement<\/th>\n<td style=\"padding:6px 10px;border:1px solid #ddd;\">0\u202650\u00b0C<\/td>\n<\/tr>\n<tr>\n<th style=\"text-align:left;padding:6px 10px;border:1px solid #ddd;background:#f9f9f9;\">Interface<\/th>\n<td style=\"padding:6px 10px;border:1px solid #ddd;\">Bluetooth<\/td>\n<\/tr>\n<tr>\n<th style=\"text-align:left;padding:6px 10px;border:1px solid #ddd;background:#f9f9f9;\">Type de capteur<\/th>\n<td style=\"padding:6px 10px;border:1px solid #ddd;\">PIR<\/td>\n<\/tr>\n<tr>\n<th style=\"text-align:left;padding:6px 10px;border:1px solid #ddd;background:#f9f9f9;\">Angle de vue<\/th>\n<td style=\"padding:6px 10px;border:1px solid #ddd;\">53\u00b0<\/td>\n<\/tr>\n<tr>\n<th style=\"text-align:left;padding:6px 10px;border:1px solid #ddd;background:#f9f9f9;\">Couleur du corps<\/th>\n<td style=\"padding:6px 10px;border:1px solid #ddd;\">blanc<\/td>\n<\/tr>\n<tr>\n<th style=\"text-align:left;padding:6px 10px;border:1px solid #ddd;background:#f9f9f9;\">Plage de param\u00e8tres contr\u00f4l\u00e9s<\/th>\n<td style=\"padding:6px 10px;border:1px solid #ddd;\">1\u20262000lx<\/td>\n<\/tr>\n<tr>\n<th style=\"text-align:left;padding:6px 10px;border:1px solid #ddd;background:#f9f9f9;\">Fonctionnalit\u00e9s des modules<\/th>\n<td style=\"padding:6px 10px;border:1px solid #ddd;\">compatible avec le syst\u00e8me Casambi<\/td>\n<\/tr>\n<\/tbody>\n<\/table>","protected":false},"excerpt":{"rendered":"<p>Capteur\u00a0: mouvement\u00a0; 220-240\u00a0V CA\u00a0; IP20\u00a0; 0-50\u00a0\u00b0C\u00a0; Interface\u00a0: Bluetooth par TRIDONIC<\/p>","protected":false},"featured_media":1867,"comment_status":"open","ping_status":"closed","template":"","meta":{"site-sidebar-layout":"default","site-content-layout":"","ast-site-content-layout":"default","site-content-style":"default","site-sidebar-style":"default","ast-global-header-display":"","ast-banner-title-visibility":"","ast-main-header-display":"","ast-hfb-above-header-display":"","ast-hfb-below-header-display":"","ast-hfb-mobile-header-display":"","site-post-title":"","ast-breadcrumbs-content":"","ast-featured-img":"","footer-sml-layout":"","ast-disable-related-posts":"","theme-transparent-header-meta":"","adv-header-id-meta":"","stick-header-meta":"","header-above-stick-meta":"","header-main-stick-meta":"","header-below-stick-meta":"","astra-migrate-meta-layouts":"default","ast-page-background-enabled":"default","ast-page-background-meta":{"desktop":{"background-color":"var(--ast-global-color-5)","background-image":"","background-repeat":"repeat","background-position":"center center","background-size":"auto","background-attachment":"scroll","background-type":"","background-media":"","overlay-type":"","overlay-color":"","overlay-opacity":"","overlay-gradient":""},"tablet":{"background-color":"","background-image":"","background-repeat":"repeat","background-position":"center center","background-size":"auto","background-attachment":"scroll","background-type":"","background-media":"","overlay-type":"","overlay-color":"","overlay-opacity":"","overlay-gradient":""},"mobile":{"background-color":"","background-image":"","background-repeat":"repeat","background-position":"center center","background-size":"auto","background-attachment":"scroll","background-type":"","background-media":"","overlay-type":"","overlay-color":"","overlay-opacity":"","overlay-gradient":""}},"ast-content-background-meta":{"desktop":{"background-color":"var(--ast-global-color-4)","background-image":"","background-repeat":"repeat","background-position":"center center","background-size":"auto","background-attachment":"scroll","background-type":"","background-media":"","overlay-type":"","overlay-color":"","overlay-opacity":"","overlay-gradient":""},"tablet":{"background-color":"var(--ast-global-color-4)","background-image":"","background-repeat":"repeat","background-position":"center center","background-size":"auto","background-attachment":"scroll","background-type":"","background-media":"","overlay-type":"","overlay-color":"","overlay-opacity":"","overlay-gradient":""},"mobile":{"background-color":"var(--ast-global-color-4)","background-image":"","background-repeat":"repeat","background-position":"center center","background-size":"auto","background-attachment":"scroll","background-type":"","background-media":"","overlay-type":"","overlay-color":"","overlay-opacity":"","overlay-gradient":""}}},"product_brand":[],"product_cat":[100,103],"product_tag":[],"class_list":{"0":"post-1866","1":"product","2":"type-product","3":"status-publish","4":"has-post-thumbnail","6":"product_cat-smart-home-fr","7":"product_cat-security-fr","8":"desktop-align-left","9":"tablet-align-left","10":"mobile-align-left","12":"first","13":"instock","14":"taxable","15":"shipping-taxable","16":"purchasable","17":"product-type-simple"},"_links":{"self":[{"href":"https:\/\/smart-tec.fr\/fr\/wp-json\/wp\/v2\/product\/1866","targetHints":{"allow":["GET"]}}],"collection":[{"href":"https:\/\/smart-tec.fr\/fr\/wp-json\/wp\/v2\/product"}],"about":[{"href":"https:\/\/smart-tec.fr\/fr\/wp-json\/wp\/v2\/types\/product"}],"replies":[{"embeddable":true,"href":"https:\/\/smart-tec.fr\/fr\/wp-json\/wp\/v2\/comments?post=1866"}],"wp:featuredmedia":[{"embeddable":true,"href":"https:\/\/smart-tec.fr\/fr\/wp-json\/wp\/v2\/media\/1867"}],"wp:attachment":[{"href":"https:\/\/smart-tec.fr\/fr\/wp-json\/wp\/v2\/media?parent=1866"}],"wp:term":[{"taxonomy":"product_brand","embeddable":true,"href":"https:\/\/smart-tec.fr\/fr\/wp-json\/wp\/v2\/product_brand?post=1866"},{"taxonomy":"product_cat","embeddable":true,"href":"https:\/\/smart-tec.fr\/fr\/wp-json\/wp\/v2\/product_cat?post=1866"},{"taxonomy":"product_tag","embeddable":true,"href":"https:\/\/smart-tec.fr\/fr\/wp-json\/wp\/v2\/product_tag?post=1866"}],"curies":[{"name":"wp","href":"https:\/\/api.w.org\/{rel}","templated":true}]}}